{"id":26,"date":"2024-04-07T13:16:44","date_gmt":"2024-04-07T13:16:44","guid":{"rendered":"https:\/\/dons-kasa.ch\/?page_id=26"},"modified":"2024-04-07T13:16:45","modified_gmt":"2024-04-07T13:16:45","slug":"virements-bancaires-depuis-la-france","status":"publish","type":"page","link":"https:\/\/dons-kasa.ch\/index.php\/virements-bancaires-depuis-la-france\/","title":{"rendered":"Virements bancaires depuis la France"},"content":{"rendered":"\n<p>Ch\u00e8que en EURO via ASFAR<\/p>\n\n\n\n<p>Jean-Louis Fayolle, tr\u00e9sorier, 66 rte Nationale 6<br>69 380 Les Ch\u00e8res\/France <\/p>\n\n\n\n<p>+33 (0) 6 88 37 10 05 jean-louis.fayolle@free.fr<\/p>\n","protected":false},"excerpt":{"rendered":"<p>Ch\u00e8que en EURO via ASFAR Jean-Louis Fayolle, tr\u00e9sorier, 66 rte Nationale 669 380 Les Ch\u00e8res\/France +33 (0) 6 88 37 10 05 jean-louis.fayolle@free.fr<\/p>\n","protected":false},"author":1,"featured_media":0,"parent":0,"menu_order":0,"comment_status":"closed","ping_status":"closed","template":"","meta":{"footnotes":""},"class_list":["post-26","page","type-page","status-publish","hentry"],"yoast_head":"<!-- This site is optimized with the Yoast SEO plugin v21.8.1 - https:\/\/yoast.com\/wordpress\/plugins\/seo\/ -->\n<title>Virements bancaires depuis la France - dons-kasa.ch<\/title>\n<meta name=\"robots\" content=\"noindex, follow, max-snippet:-1, max-image-preview:large, max-video-preview:-1\" \/>\n<meta property=\"og:locale\" content=\"fr_FR\" \/>\n<meta property=\"og:type\" content=\"article\" \/>\n<meta property=\"og:title\" content=\"Virements bancaires depuis la France - dons-kasa.ch\" \/>\n<meta property=\"og:description\" content=\"Ch\u00e8que en EURO via ASFAR Jean-Louis Fayolle, tr\u00e9sorier, 66 rte Nationale 669 380 Les Ch\u00e8res\/France +33 (0) 6 88 37 10 05 jean-louis.fayolle@free.fr\" \/>\n<meta property=\"og:url\" content=\"https:\/\/dons-kasa.ch\/index.php\/virements-bancaires-depuis-la-france\/\" \/>\n<meta property=\"og:site_name\" content=\"dons-kasa.ch\" \/>\n<meta property=\"article:modified_time\" content=\"2024-04-07T13:16:45+00:00\" \/>\n<meta name=\"twitter:card\" content=\"summary_large_image\" \/>\n<meta name=\"twitter:label1\" content=\"Dur\u00e9e de lecture estim\u00e9e\" \/>\n\t<meta name=\"twitter:data1\" content=\"1 minute\" \/>\n<script type=\"application\/ld+json\" class=\"yoast-schema-graph\">{\"@context\":\"https:\/\/schema.org\",\"@graph\":[{\"@type\":\"WebPage\",\"@id\":\"https:\/\/dons-kasa.ch\/index.php\/virements-bancaires-depuis-la-france\/\",\"url\":\"https:\/\/dons-kasa.ch\/index.php\/virements-bancaires-depuis-la-france\/\",\"name\":\"Virements bancaires depuis la France - dons-kasa.ch\",\"isPartOf\":{\"@id\":\"https:\/\/dons-kasa.ch\/#website\"},\"datePublished\":\"2024-04-07T13:16:44+00:00\",\"dateModified\":\"2024-04-07T13:16:45+00:00\",\"breadcrumb\":{\"@id\":\"https:\/\/dons-kasa.ch\/index.php\/virements-bancaires-depuis-la-france\/#breadcrumb\"},\"inLanguage\":\"fr-FR\",\"potentialAction\":[{\"@type\":\"ReadAction\",\"target\":[\"https:\/\/dons-kasa.ch\/index.php\/virements-bancaires-depuis-la-france\/\"]}]},{\"@type\":\"BreadcrumbList\",\"@id\":\"https:\/\/dons-kasa.ch\/index.php\/virements-bancaires-depuis-la-france\/#breadcrumb\",\"itemListElement\":[{\"@type\":\"ListItem\",\"position\":1,\"name\":\"Accueil\",\"item\":\"https:\/\/dons-kasa.ch\/\"},{\"@type\":\"ListItem\",\"position\":2,\"name\":\"Virements bancaires depuis la France\"}]},{\"@type\":\"WebSite\",\"@id\":\"https:\/\/dons-kasa.ch\/#website\",\"url\":\"https:\/\/dons-kasa.ch\/\",\"name\":\"dons-kasa.ch\",\"description\":\"\",\"potentialAction\":[{\"@type\":\"SearchAction\",\"target\":{\"@type\":\"EntryPoint\",\"urlTemplate\":\"https:\/\/dons-kasa.ch\/?s={search_term_string}\"},\"query-input\":\"required name=search_term_string\"}],\"inLanguage\":\"fr-FR\"}]}<\/script>\n<!-- \/ Yoast SEO plugin. -->","yoast_head_json":{"title":"Virements bancaires depuis la France - dons-kasa.ch","robots":{"index":"noindex","follow":"follow","max-snippet":"max-snippet:-1","max-image-preview":"max-image-preview:large","max-video-preview":"max-video-preview:-1"},"og_locale":"fr_FR","og_type":"article","og_title":"Virements bancaires depuis la France - dons-kasa.ch","og_description":"Ch\u00e8que en EURO via ASFAR Jean-Louis Fayolle, tr\u00e9sorier, 66 rte Nationale 669 380 Les Ch\u00e8res\/France +33 (0) 6 88 37 10 05 jean-louis.fayolle@free.fr","og_url":"https:\/\/dons-kasa.ch\/index.php\/virements-bancaires-depuis-la-france\/","og_site_name":"dons-kasa.ch","article_modified_time":"2024-04-07T13:16:45+00:00","twitter_card":"summary_large_image","twitter_misc":{"Dur\u00e9e de lecture estim\u00e9e":"1 minute"},"schema":{"@context":"https:\/\/schema.org","@graph":[{"@type":"WebPage","@id":"https:\/\/dons-kasa.ch\/index.php\/virements-bancaires-depuis-la-france\/","url":"https:\/\/dons-kasa.ch\/index.php\/virements-bancaires-depuis-la-france\/","name":"Virements bancaires depuis la France - dons-kasa.ch","isPartOf":{"@id":"https:\/\/dons-kasa.ch\/#website"},"datePublished":"2024-04-07T13:16:44+00:00","dateModified":"2024-04-07T13:16:45+00:00","breadcrumb":{"@id":"https:\/\/dons-kasa.ch\/index.php\/virements-bancaires-depuis-la-france\/#breadcrumb"},"inLanguage":"fr-FR","potentialAction":[{"@type":"ReadAction","target":["https:\/\/dons-kasa.ch\/index.php\/virements-bancaires-depuis-la-france\/"]}]},{"@type":"BreadcrumbList","@id":"https:\/\/dons-kasa.ch\/index.php\/virements-bancaires-depuis-la-france\/#breadcrumb","itemListElement":[{"@type":"ListItem","position":1,"name":"Accueil","item":"https:\/\/dons-kasa.ch\/"},{"@type":"ListItem","position":2,"name":"Virements bancaires depuis la France"}]},{"@type":"WebSite","@id":"https:\/\/dons-kasa.ch\/#website","url":"https:\/\/dons-kasa.ch\/","name":"dons-kasa.ch","description":"","potentialAction":[{"@type":"SearchAction","target":{"@type":"EntryPoint","urlTemplate":"https:\/\/dons-kasa.ch\/?s={search_term_string}"},"query-input":"required name=search_term_string"}],"inLanguage":"fr-FR"}]}},"_links":{"self":[{"href":"https:\/\/dons-kasa.ch\/index.php\/wp-json\/wp\/v2\/pages\/26","targetHints":{"allow":["GET"]}}],"collection":[{"href":"https:\/\/dons-kasa.ch\/index.php\/wp-json\/wp\/v2\/pages"}],"about":[{"href":"https:\/\/dons-kasa.ch\/index.php\/wp-json\/wp\/v2\/types\/page"}],"author":[{"embeddable":true,"href":"https:\/\/dons-kasa.ch\/index.php\/wp-json\/wp\/v2\/users\/1"}],"replies":[{"embeddable":true,"href":"https:\/\/dons-kasa.ch\/index.php\/wp-json\/wp\/v2\/comments?post=26"}],"version-history":[{"count":1,"href":"https:\/\/dons-kasa.ch\/index.php\/wp-json\/wp\/v2\/pages\/26\/revisions"}],"predecessor-version":[{"id":27,"href":"https:\/\/dons-kasa.ch\/index.php\/wp-json\/wp\/v2\/pages\/26\/revisions\/27"}],"wp:attachment":[{"href":"https:\/\/dons-kasa.ch\/index.php\/wp-json\/wp\/v2\/media?parent=26"}],"curies":[{"name":"wp","href":"https:\/\/api.w.org\/{rel}","templated":true}]}}